{"id":3099,"date":"2017-04-20T17:21:56","date_gmt":"2017-04-20T15:21:56","guid":{"rendered":"http:\/\/www.galeriavertice.com\/?page_id=3099"},"modified":"2017-12-14T19:49:42","modified_gmt":"2017-12-14T18:49:42","slug":"aviso-legal","status":"publish","type":"page","link":"https:\/\/www.galeriavertice.com\/es\/aviso-legal","title":{"rendered":"Aviso legal"},"content":{"rendered":"<p>El uso y acceso a los contenidos que alberga la presente P\u00e1gina Web de Galer\u00eda V\u00e9rtice, en adelante el Sitio Web, implica el conocimiento y aceptaci\u00f3n, sin reserva alguna, de todas las cl\u00e1usulas incluidas bajo el presente texto de Aviso Legal que tienen como objetivo informar a los usuarios acerca de dicho acceso y utilizaci\u00f3n.<\/p>\n<p>El Sitio Web <a href=\"http:\/\/www.galeriavertice.com\">www.galeriavertice.com<\/a> alberga contenidos y productos sujetos a derechos de propiedad intelectual e industrial. La utilizaci\u00f3n abusiva de aquellos, fuera de los l\u00edmites autorizados, ser\u00e1 perseguida por los cauces legales pertinentes, por ello aconsejamos el uso bajo los par\u00e1metros de responsabilidad y buena fe.<\/p>\n<p>&nbsp;<\/p>\n<p><strong><em>Titularidad<\/em><\/strong><\/p>\n<p>De conformidad con el art\u00edculo 10 de la Ley 34\/2002, de 11 de julio, de Servicios de la Sociedad de la Informaci\u00f3n y Comercio Electr\u00f3nico, les informamos que el Sitio Web accesible desde el dominio <a href=\"http:\/\/www.galeriavertice.com\">www.galeriavertice.com<\/a> es titularidad de Galer\u00eda V\u00e9rtice S.L., con CIF B33245853, inscrita en el Registro Mercantil de Asturias, Tomo 1020, Folio 123, Hoja 616, y sita en Avenida Pedro Masaveu, 8, Bajo A, 33007 de Oviedo, Asturias. Galer\u00eda V\u00e9rtice es titular o dispone de la correspondiente licencia de uso sobre los diferentes contenidos e informaciones incorporadas al efecto, expuestos a lo largo del Sitio Web.<\/p>\n<p>&nbsp;<\/p>\n<p><strong><em>Objeto<\/em><\/strong><\/p>\n<p>Regular el acceso, navegaci\u00f3n y uso del Sitio Web <a href=\"http:\/\/www.galeriavertice.com\">www.galeriavertice.com<\/a>. Del mismo modo, se regulan las responsabilidades derivadas de la utilizaci\u00f3n de sus contenidos, textos, gr\u00e1ficos, dibujos, dise\u00f1os, fotograf\u00edas, software, c\u00f3digos, bases de datos, im\u00e1genes, informaciones, as\u00ed como cualquier otra creaci\u00f3n protegida por las leyes nacionales y tratados internacionales sobre propiedad intelectual e industrial, que el titular pone a disposici\u00f3n de los usuarios a trav\u00e9s de su Sitio Web.<\/p>\n<p>Las condiciones que rigen los diferentes servicios disponibles en <a href=\"http:\/\/www.galeriavertice.com\">www.galeriavertice.com<\/a> est\u00e1n sujetas a la siguiente normativa, en la parte que resulte de aplicaci\u00f3n: Ley 34\/2002, de 11 de julio, de Servicios de la Sociedad de la Informaci\u00f3n y Comercio Electr\u00f3nico; Ley Org\u00e1nica 15\/1999, de 13 de diciembre, de Protecci\u00f3n de Datos Personales de Car\u00e1cter Personal; Real Decreto 1720\/2007 de Desarrollo de la Ley Org\u00e1nica de Protecci\u00f3n de Datos; Ley 7\/1996, de 15 de enero, de Ordenaci\u00f3n del Comercio Minorista; Real Decreto Ley 1\/2007, de 16 de Noviembre, que aprueba el Texto Refundido de la Ley General para la Defensa de Consumidores y Usuarios y otras Leyes complementaria; Ley 44\/2006 de Mejora de la Protecci\u00f3n de los consumidores y usuarios, y otras normativas al efecto.<\/p>\n<p><strong><em>\u00a0<\/em><\/strong><\/p>\n<p><strong><em>Contacto <\/em><\/strong><\/p>\n<p>Galer\u00eda V\u00e9rtice pone a su disposici\u00f3n un formulario de Contacto totalmente gratuito, a fin de que el usuario pueda remitir sus consultas si lo desea.<\/p>\n<p>&nbsp;<\/p>\n<p><strong><em>Utilizaci\u00f3n del Sitio Web y Servicios<\/em><\/strong><\/p>\n<p>La navegaci\u00f3n y el uso del Sitio Web as\u00ed como la mayor\u00eda de los servicios contenidos en el mismo, es completamente gratuito; cumpliendo de forma expresa y sin ning\u00fan tipo de reservas el presente Aviso Legal.<\/p>\n<p>As\u00ed mismo, el usuario se obliga a usar correctamente el Portal de conformidad con el contenido del presente Aviso Legal, principios de buena fe y legislaci\u00f3n vigente, prohibi\u00e9ndose expl\u00edcitamente cualquier uso il\u00edcito, contrario al orden p\u00fablico y\/o lesivo de los derechos e intereses de las personas, reserv\u00e1ndose Galer\u00eda V\u00e9rtice en estos casos, su derecho a emprender las acciones judiciales que considere oportunas.<\/p>\n<p>&nbsp;<\/p>\n<p><strong><em>Derechos de Propiedad Intelectual e Industrial<\/em><\/strong><\/p>\n<p>Galer\u00eda V\u00e9rtice es titular o tiene la correspondiente licencia de uso sobre los derechos de explotaci\u00f3n de propiedad intelectual e industrial del Sitio Web, as\u00ed como de los contenidos disponibles a trav\u00e9s del mismo, entre otros: los textos, gr\u00e1ficos, dise\u00f1os, logotipos, nombres comerciales, fotograf\u00edas, im\u00e1genes, contenidos audiovisuales o sonoros, software, bases de datos.<\/p>\n<p>El hecho de permitir a los usuarios el acceso a <a href=\"http:\/\/www.galeriavertice.com\">www.galeriavertice.com<\/a> no implicar\u00e1, en ning\u00fan caso, la renuncia, transmisi\u00f3n, licencia o cesi\u00f3n, total ni parcial, de dichos derechos, por parte de Galer\u00eda V\u00e9rtice.<\/p>\n<p>Con car\u00e1cter meramente enunciativo, que no limitativo, se proh\u00edbe a los usuarios del Sitio Web <a href=\"http:\/\/www.galeriavertice.com\">www.galeriavertice.com<\/a> llevar a cabo cualesquiera de las siguientes actuaciones:<\/p>\n<ul>\n<li>Suprimir, eludir o manipular cualesquiera datos de identificaci\u00f3n de los derechos del titular del Portal o de sus titulares, incorporados a los contenidos, as\u00ed como los dispositivos t\u00e9cnicos de protecci\u00f3n, o cualesquiera mecanismos de informaci\u00f3n y\/o identificaci\u00f3n que se incorporen.<\/li>\n<li>Modificar, copiar, reutilizar, explotar, reproducir, comunicar p\u00fablicamente, hacer segundas o posteriores publicaciones, cargar archivos, enviar por correo, transmitir, usar, tratar o distribuir de cualquier forma la totalidad o parte de los contenidos incluidos bajo el presente Portal para prop\u00f3sitos p\u00fablicos o comerciales, sin autorizaci\u00f3n expresa y por escrito de Galer\u00eda V\u00e9rtice o, en su caso, del titular de los derechos que corresponda.<\/li>\n<li>Reproducir, copiar, extraer o reutilizar para uso privado o para comunicaci\u00f3n p\u00fablica, aquellos contenidos considerados como Software o Base de Datos, a tenor de lo expuesto por el Texto Refundido de la Ley de Propiedad Intelectual.<\/li>\n<\/ul>\n<p>El dominio <a href=\"http:\/\/www.galeriavertice.com\">www.galeriavertice.com<\/a>, titularidad de Galer\u00eda V\u00e9rtice, no podr\u00e1 ser utilizado, en conexi\u00f3n con otros contenidos, productos o servicios que no sean titularidad de Galer\u00eda V\u00e9rtice, cuando puedan causar confusi\u00f3n entre los usuarios finales o el descr\u00e9dito de aquella.<\/p>\n<p><strong><em>\u00a0<\/em><\/strong><\/p>\n<p><strong><em>Responsabilidades <\/em><\/strong><\/p>\n<p>El titular del Sitio Web no se hace responsable, a t\u00edtulo enunciativo, de las siguientes actuaciones:<\/p>\n<ul>\n<li>Mal uso del Sitio Web, por parte de los usuarios.<\/li>\n<li>La continuidad de los contenidos del Sitio Web.<\/li>\n<li>Los da\u00f1os o perjuicios que causare cualquier persona, bien a si misma o a terceras, en infracci\u00f3n de las condiciones, normas e instrucciones que el titular establece en el Sitio Web o en el presente Aviso Legal.<\/li>\n<li>La presencia de virus y\/o dem\u00e1s componentes da\u00f1inos en el Sitio Web o en el servidor que los suministra, tanto en lo relativo a la visualizaci\u00f3n de los contenidos por los usuarios como en la descarga de los mismos.<\/li>\n<li>Los contenidos y servicios prestados por otras P\u00e1ginas Web a las que pueda tener acceso desde la presente direcci\u00f3n de Internet.<\/li>\n<li>El mal funcionamiento de software o plug-ins (descarga que pudiere realizarse desde el enlace establecido al efecto, en su caso), necesarios para la visualizaci\u00f3n de determinados contenidos albergados en el presente Sitio Web.<\/li>\n<li>La invulnerabilidad del Sitio Web, ni del software utilizado, distribuido u obtenido del mismo.<\/li>\n<li>El mayor o menor rendimiento de los contenidos albergados en el Sitio Web.<\/li>\n<li>Los da\u00f1os ocasionados por la vulneraci\u00f3n de los sistemas de seguridad albergados y\/o insertados a trav\u00e9s del Sitio Web.<\/li>\n<\/ul>\n<p><strong><em>\u00a0<\/em><\/strong><\/p>\n<p><strong><em>Duraci\u00f3n y Modificaci\u00f3n<\/em><\/strong><\/p>\n<p>El presente Aviso Legal tiene la vigencia que dura su exposici\u00f3n. Por ello, se aconseja a los usuarios que lean con detenimiento su contenido cada vez que accedan al Sitio Web, \u00fanico modo para conocer el texto actualizado, puesto que Galer\u00eda V\u00e9rtice no est\u00e1 obligada a notificar sus cambios personalmente a los usuarios.<\/p>\n<p>As\u00ed mismo, Galer\u00eda V\u00e9rtice se reserva el derecho a modificar unilateralmente el presente Aviso, en cualquier momento, en su totalidad o parcialmente, surtiendo efectos dicha modificaci\u00f3n desde su publicaci\u00f3n en el Sitio Web, concretamente, desde su inserci\u00f3n en el enlace \u201cAviso Legal\u201d.<\/p>\n<p>&nbsp;<\/p>\n<p><strong><em>Suspensi\u00f3n<\/em><\/strong><\/p>\n<p>Galer\u00eda V\u00e9rtice podr\u00e1 optar, unilateralmente, por interrumpir, suspender o dar por finalizado el acceso a los contenidos del Sitio Web, con independencia de lo dispuesto en el Aviso Legal. Dichas situaciones no alterar\u00e1n la vigencia de las prohibiciones de uso de los contenidos expuestos a lo largo del presente.<\/p>\n<p>Galer\u00eda V\u00e9rtice tomar\u00e1 las medidas pertinentes, en la medida que le fuere posible, para avisar a los usuarios de dichas circunstancias, suspensi\u00f3n, interrupci\u00f3n o t\u00e9rmino de acceso a los contenidos.<\/p>\n<p>&nbsp;<\/p>\n<p><strong><em>Nulidad e Ineficacia<\/em><\/strong><\/p>\n<p>En caso de que cualquier extremo de las presentes condiciones sea considerado nulo o inaplicable, parcial o totalmente, por cualquier Juzgado, Tribunal u \u00f3rgano administrativo competente, dicha nulidad o inaplicaci\u00f3n no afectar\u00e1 al resto de las condiciones contenidas en el Sitio Web.<\/p>\n<p>El no ejercicio o ejecuci\u00f3n, por parte de Galer\u00eda V\u00e9rtice de cualquier derecho o disposici\u00f3n contenido en estas condiciones no constituir\u00e1 renuncia al mismo, salvo reconocimiento y acuerdo escrito por su parte.<\/p>\n<p>&nbsp;<\/p>\n<p><strong><em>Ley Aplicable y Jurisdicci\u00f3n<\/em><\/strong><\/p>\n<p>Todas las cl\u00e1usulas insertas en el presente texto de Aviso Legal se rigen por la normativa espa\u00f1ola. Todo conflicto, controversia o situaci\u00f3n derivada de las presentes condiciones se someter\u00e1 a los Juzgados y Tribunales de Oviedo, renunciando expresamente las partes a cualquier otro fuero que pudiere corresponderles.<\/p>\n<p>Respecto a la resoluci\u00f3n de litigios en l\u00ednea conforme al art\u00edculo 14.1 del Reglamento (UE) 524\/2013: la Comisi\u00f3n Europea facilita una plataforma de resoluci\u00f3n de litigios en l\u00ednea, la cual se encuentra disponible en el siguiente enlace: <a href=\"http:\/\/ec.europa.eu\/consumers\/odr\/\">http:\/\/ec.europa.eu\/consumers\/odr\/<\/a>.<\/p>","protected":false},"excerpt":{"rendered":"<p>El uso y acceso a los contenidos que alberga la presente P\u00e1gina Web de Galer\u00eda V\u00e9rtice, en adelante el Sitio Web, implica el conocimiento y aceptaci\u00f3n, sin reserva alguna, de todas las cl\u00e1usulas incluidas bajo el presente texto de Aviso Legal que tienen como objetivo informar a los usuarios acerca de dicho acceso y utilizaci\u00f3n. [&hellip;]<\/p>\n","protected":false},"author":1,"featured_media":0,"parent":0,"menu_order":0,"comment_status":"closed","ping_status":"closed","template":"","meta":{"footnotes":""},"class_list":["post-3099","page","type-page","status-publish","hentry"],"_links":{"self":[{"href":"https:\/\/www.galeriavertice.com\/es\/wp-json\/wp\/v2\/pages\/3099","targetHints":{"allow":["GET"]}}],"collection":[{"href":"https:\/\/www.galeriavertice.com\/es\/wp-json\/wp\/v2\/pages"}],"about":[{"href":"https:\/\/www.galeriavertice.com\/es\/wp-json\/wp\/v2\/types\/page"}],"author":[{"embeddable":true,"href":"https:\/\/www.galeriavertice.com\/es\/wp-json\/wp\/v2\/users\/1"}],"replies":[{"embeddable":true,"href":"https:\/\/www.galeriavertice.com\/es\/wp-json\/wp\/v2\/comments?post=3099"}],"version-history":[{"count":5,"href":"https:\/\/www.galeriavertice.com\/es\/wp-json\/wp\/v2\/pages\/3099\/revisions"}],"predecessor-version":[{"id":3129,"href":"https:\/\/www.galeriavertice.com\/es\/wp-json\/wp\/v2\/pages\/3099\/revisions\/3129"}],"wp:attachment":[{"href":"https:\/\/www.galeriavertice.com\/es\/wp-json\/wp\/v2\/media?parent=3099"}],"curies":[{"name":"wp","href":"https:\/\/api.w.org\/{rel}","templated":true}]}}